{"id":468,"date":"2023-08-21T12:14:12","date_gmt":"2023-08-21T12:14:12","guid":{"rendered":"http:\/\/geschichtskreis-vellmar.de\/2023\/?page_id=468"},"modified":"2025-07-28T13:02:16","modified_gmt":"2025-07-28T13:02:16","slug":"veroeffentlichungen","status":"publish","type":"page","link":"https:\/\/geschichtskreis-vellmar.de\/2023\/veroeffentlichungen","title":{"rendered":"Ver\u00f6ffentlichungen"},"content":{"rendered":"<p>[et_pb_section fb_built=&#8220;1&#8243; _builder_version=&#8220;4.16&#8243; global_colors_info=&#8220;{}&#8220;][et_pb_row _builder_version=&#8220;4.22.1&#8243; background_size=&#8220;initial&#8220; background_position=&#8220;top_left&#8220; background_repeat=&#8220;repeat&#8220; global_colors_info=&#8220;{}&#8220;][et_pb_column type=&#8220;4_4&#8243; _builder_version=&#8220;4.16&#8243; custom_padding=&#8220;|||&#8220; global_colors_info=&#8220;{}&#8220; custom_padding__hover=&#8220;|||&#8220;][et_pb_text admin_label=&#8220;Text Breitenau&#8220; _builder_version=&#8220;4.22.1&#8243; _module_preset=&#8220;default&#8220; global_colors_info=&#8220;{}&#8220;]<\/p>\n<h1><strong>Besichtigung Gedenkst\u00e4tte Breitenau<\/strong><\/h1>\n<p>[\/et_pb_text][et_pb_image src=&#8220;https:\/\/geschichtskreis-vellmar.de\/2023\/wp-content\/uploads\/2025\/07\/GKV-Breitenau-Bild-1-Breitenau.jpeg&#8220; title_text=&#8220;GKV Breitenau Bild 1 Breitenau&#8220; _builder_version=&#8220;4.22.1&#8243; _module_preset=&#8220;default&#8220; global_colors_info=&#8220;{}&#8220;][\/et_pb_image][et_pb_text _builder_version=&#8220;4.22.1&#8243; _module_preset=&#8220;default&#8220; global_colors_info=&#8220;{}&#8220;]<\/p>\n<p><strong>Besuch der Gedenkst\u00e4tte Breitenau in Guxhagen<\/strong><\/p>\n<p>Bei Sonnenschein sieht das ehemalige Kloster in Guxhagen doch recht freundlich aus. Aber wir wissen, dass das Grauen in seinen Mauern hauste. Nach Aufl\u00f6sung des Klosters 1527 kam ein preu\u00dfisches Arbeitshaus in die Anlage. In das Kirchenschiff wurden einige Zwischendecken f\u00fcr mehrere Schlafs\u00e4le eingebaut. Fenster wurden verkleinert und angepasst. Die Insassen waren Tagediebe, Zuh\u00e4lter, Dirnen und ungute Menschen der damaligen Gesellschaft. Ein abgemauerter Teil der Kirche diente f\u00fcr die Gemeinde weiterhin als Gotteshaus.<\/p>\n<p>Diese Haftstruktur wurde ab 1933 von den Nationalsozialisten als Konzentrationlager benutzt. Anf\u00e4nglich inhaftierte man politische Gefangene, die in die sogenannte Schutzhaft genommen wurden. Meist blieben die H\u00e4ftlinge nur wenige Wochen.<\/p>\n<p>1940 wurde durch die Kasseler Gestapo ein sogenanntes Arbeitserziehungslager (AEL) Breitenau gegr\u00fcndet. Es waren insgesamt etwa 8.500 H\u00e4ftlinge aus 21 verschiedenen Nationalit\u00e4ten inhaftiert. Nach kleinsten Vergehen wurden die Gefangenen in die Vernichtungslager Auschwitz, Birkenau gebracht. Uns meist bekannt ist die \u00c4rztin Frau Lilli Jahn aus Immenhausen. Als J\u00fcdin kam sie nach Breitennau, verstarb nach der Deportation in Auschwitz im Sommer 1944. Die letzten 28 H\u00e4ftlinge der Breitenau wurden\u00a0 noch kurz vor der Befreiung des Lagers erschossen.<\/p>\n<p>Damit gibt es noch kein Ende von dem unmenschlichen Leben in der Breitenau. Die Geschichte geht weiter mit der Gr\u00fcndung eines M\u00e4dchenerziehungsheimes, das im M\u00e4rz 1952 als &#8222;Landjugendheim Fuldatal&#8220; in Breitenau eingerichtet wurde. Eingeliefert wurden schwer erziehbare oder verhaltensauff\u00e4llige M\u00e4dchen. Im Dezember 1973 wurde es als letztes Erziehungsheim dieser Art in Hessens aufgel\u00f6st. Es gibt grausame Berichte von ehemaligen Insassinnen.<\/p>\n<p>Frage: Wo sind all die Verbrecher gegen die Menschlichkeit geblieben?<\/p>\n<p>In der HNA gibt es z.Z. Berichte \u00fcber das Schicksal von Kindern, die zur \u201eLandverschickung\u201c in sogenannte Erholungsheime kamen. Obwohl schon neue Zeiten angebrochen waren, hatte man noch immer nichts gelernt. Es herrschte noch immer die Devise \u201eSatt und Sauber\u201c. Die Seele der kleinen Kinder wurde in keiner Weise gepflegt. Noch heute hat die Gesellschaft unter den damaligen Missetaten zu leiden \u2013 geschweige denn die Opfer.<\/p>\n<p>Das Papier ist wieder von den Tr\u00e4nen getrocknet. Das waren und sind wir also, das Volk der Dichter und Denker und der gro\u00dfen Philosophen.<\/p>\n<p>Gehen sie hin und schauen sie selbst in die Gedenkst\u00e4tte, dann werden sie verstehen, was uns ber\u00fchren sollte.<\/p>\n<p>[\/et_pb_text][et_pb_image src=&#8220;https:\/\/geschichtskreis-vellmar.de\/2023\/wp-content\/uploads\/2025\/07\/GKV-Breitenau-2.jpeg&#8220; title_text=&#8220;GKV Breitenau 2&#8243; _builder_version=&#8220;4.22.1&#8243; _module_preset=&#8220;default&#8220; global_colors_info=&#8220;{}&#8220;][\/et_pb_image][et_pb_image src=&#8220;https:\/\/geschichtskreis-vellmar.de\/2023\/wp-content\/uploads\/2025\/07\/GKV-Breitenau-3.jpg&#8220; title_text=&#8220;GKV Breitenau 3&#8243; _builder_version=&#8220;4.22.1&#8243; _module_preset=&#8220;default&#8220; global_colors_info=&#8220;{}&#8220;][\/et_pb_image][et_pb_text admin_label=&#8220;Text Waffel&#8220; _builder_version=&#8220;4.22.1&#8243; _module_preset=&#8220;default&#8220; global_colors_info=&#8220;{}&#8220;]<\/p>\n<h1><strong>Die Waffeln waren ein voller Erfolg<\/strong><\/h1>\n<p>[\/et_pb_text][et_pb_text _builder_version=&#8220;4.22.1&#8243; _module_preset=&#8220;default&#8220; global_colors_info=&#8220;{}&#8220;]<\/p>\n<p>Lecker<\/p>\n<p>[\/et_pb_text][et_pb_image src=&#8220;https:\/\/geschichtskreis-vellmar.de\/2023\/wp-content\/uploads\/2025\/07\/GKV-Waffel-2.jpeg&#8220; title_text=&#8220;GKV Waffel 2&#8243; _builder_version=&#8220;4.22.1&#8243; _module_preset=&#8220;default&#8220; global_colors_info=&#8220;{}&#8220;][\/et_pb_image][et_pb_text _builder_version=&#8220;4.22.1&#8243; _module_preset=&#8220;default&#8220; global_colors_info=&#8220;{}&#8220;]<\/p>\n<p>Uns hat\u00b4s geschmeckt<\/p>\n<p>[\/et_pb_text][et_pb_image src=&#8220;https:\/\/geschichtskreis-vellmar.de\/2023\/wp-content\/uploads\/2025\/07\/GKV-Waffel-1.jpeg&#8220; title_text=&#8220;GKV Waffel 1&#8243; _builder_version=&#8220;4.22.1&#8243; _module_preset=&#8220;default&#8220; global_colors_info=&#8220;{}&#8220;][\/et_pb_image][et_pb_text _builder_version=&#8220;4.22.1&#8243; _module_preset=&#8220;default&#8220; global_colors_info=&#8220;{}&#8220;]<\/p>\n<p>Helfende H\u00e4nde<\/p>\n<p>[\/et_pb_text][et_pb_image src=&#8220;https:\/\/geschichtskreis-vellmar.de\/2023\/wp-content\/uploads\/2025\/07\/GKV-Waffel-3.jpeg&#8220; title_text=&#8220;GKV Waffel 3&#8243; _builder_version=&#8220;4.22.1&#8243; _module_preset=&#8220;default&#8220; global_colors_info=&#8220;{}&#8220;][\/et_pb_image][et_pb_text _builder_version=&#8220;4.22.1&#8243; _module_preset=&#8220;default&#8220; hover_enabled=&#8220;0&#8243; sticky_enabled=&#8220;0&#8243;]<\/p>\n<p><strong>Der Geschichtskreis und rund um die Waffel<\/strong><\/p>\n<p>Auch wir wollten neben den Jubil\u00e4umsfeierlichkeiten etwas zu den Veranstaltungen beitragen.<\/p>\n<p>Aber was? Was k\u00f6nnen wir gut? Bratwurst und Bier &#8211; das haben schon andere.<\/p>\n<p>Dann die z\u00fcndende Idee &#8211; wir backen an 2 Nachmittagen Waffeln. Voller Eifer r\u00fchrten die Damen des Vereines jede ihren Teig an. Und dann kamen die G\u00e4ste kleckerweise. Und das war gut so, denn<\/p>\n<p>dann konnten die Insider noch vor dem Publikum kosten, schmecken, pr\u00fcfen. Und dann kam das Freigabezeichen \u2013 jawohl fangt an. Und sie waren wirklich gut. Rechteckige Waffeln Br\u00fcsseler Art, mit tiefen Kammern, wo sich die Kirschgr\u00fctze und die wunderbare k\u00fchle Schlagsahne hinein krallen konnten. Mit geschlossenen Augen taten die Geschmackssensoren ihre Arbeit. Ja, das war ein Genuss, und die D\u00fcfte erst. Jetzt \u00f6ffnete sich ein Auge und schaute, ob man noch eine erhaschen konnte. Klaro, es gab noch welche \u2013 einfach himmlisch. Leider waren sie nicht dabei und k\u00f6nnen sich das nur wage vorstellen. Aber keine Frage, wir kommen wieder. Evtl. bei einer Adventsfeier im Museum\u00a0 Hof Helse. Da gibt es so wie die jetzigen, aber mit einer Priese Zimt oder doch etwas deftiger oder, oder\u2026. Die Frauen werden\u2019s schon richten.<\/p>\n<p>Im Geschichtskreis wird nicht nur geschlemmt, sondern wir liefern auch Geschichtsdaten zu dem Thema. Kaum zu glauben, aber die Waffel wurde schon im 9.Jahrh. erw\u00e4hnt, nat\u00fcrlich in Belgien und Frankreich. Es gab sp\u00e4ter sogar die Zunft der Waffelb\u00e4cker. Und wo kam der Ursprung des Wortes \u201eWaffel\u201c her, wer hat\u2019s erfunden? Na klar, die Holl\u00e4nder waren\u2019s. \u201eWafel\u201c nannten sie ihre Bienenwaben und das trifft doch genau auf unsere Waffel zu. Also ein echt europ\u00e4isches Geb\u00e4ck.<\/p>\n<p>In Schweden\u00a0 gibt es f\u00fcr die Waffel einen extra Feiertag. Wenn sie Waffelduft riechen, nix wie hin. Er kommt aber nicht immer nur vom Geschichtskreis. Das kann \u00fcberall sein, denn sie ist ja eine echte Europ\u00e4erin.<\/p>\n<p>[\/et_pb_text][et_pb_text admin_label=&#8220;Text Druckschriften&#8220; _builder_version=&#8220;4.22.1&#8243; vertical_offset_tablet=&#8220;0&#8243; horizontal_offset_tablet=&#8220;0&#8243; z_index_tablet=&#8220;0&#8243; text_text_shadow_horizontal_length_tablet=&#8220;0px&#8220; text_text_shadow_vertical_length_tablet=&#8220;0px&#8220; text_text_shadow_blur_strength_tablet=&#8220;1px&#8220; link_text_shadow_horizontal_length_tablet=&#8220;0px&#8220; link_text_shadow_vertical_length_tablet=&#8220;0px&#8220; link_text_shadow_blur_strength_tablet=&#8220;1px&#8220; ul_text_shadow_horizontal_length_tablet=&#8220;0px&#8220; ul_text_shadow_vertical_length_tablet=&#8220;0px&#8220; ul_text_shadow_blur_strength_tablet=&#8220;1px&#8220; ol_text_shadow_horizontal_length_tablet=&#8220;0px&#8220; ol_text_shadow_vertical_length_tablet=&#8220;0px&#8220; ol_text_shadow_blur_strength_tablet=&#8220;1px&#8220; quote_text_shadow_horizontal_length_tablet=&#8220;0px&#8220; quote_text_shadow_vertical_length_tablet=&#8220;0px&#8220; quote_text_shadow_blur_strength_tablet=&#8220;1px&#8220; header_text_shadow_horizontal_length_tablet=&#8220;0px&#8220; header_text_shadow_vertical_length_tablet=&#8220;0px&#8220; header_text_shadow_blur_strength_tablet=&#8220;1px&#8220; header_2_text_shadow_horizontal_length_tablet=&#8220;0px&#8220; header_2_text_shadow_vertical_length_tablet=&#8220;0px&#8220; header_2_text_shadow_blur_strength_tablet=&#8220;1px&#8220; header_3_text_shadow_horizontal_length_tablet=&#8220;0px&#8220; header_3_text_shadow_vertical_length_tablet=&#8220;0px&#8220; header_3_text_shadow_blur_strength_tablet=&#8220;1px&#8220; header_4_text_shadow_horizontal_length_tablet=&#8220;0px&#8220; header_4_text_shadow_vertical_length_tablet=&#8220;0px&#8220; header_4_text_shadow_blur_strength_tablet=&#8220;1px&#8220; header_5_text_shadow_horizontal_length_tablet=&#8220;0px&#8220; header_5_text_shadow_vertical_length_tablet=&#8220;0px&#8220; header_5_text_shadow_blur_strength_tablet=&#8220;1px&#8220; header_6_text_shadow_horizontal_length_tablet=&#8220;0px&#8220; header_6_text_shadow_vertical_length_tablet=&#8220;0px&#8220; header_6_text_shadow_blur_strength_tablet=&#8220;1px&#8220; box_shadow_horizontal_tablet=&#8220;0px&#8220; box_shadow_vertical_tablet=&#8220;0px&#8220; box_shadow_blur_tablet=&#8220;40px&#8220; box_shadow_spread_tablet=&#8220;0px&#8220; global_colors_info=&#8220;{}&#8220;]<\/p>\n<p>Druckschriften<\/p>\n<p>[\/et_pb_text][et_pb_image src=&#8220;https:\/\/geschichtskreis-vellmar.de\/2023\/wp-content\/uploads\/2023\/08\/veroeffentlichung.jpg&#8220; admin_label=&#8220;Bild Druckschriften&#8220; _builder_version=&#8220;4.22.1&#8243; vertical_offset_tablet=&#8220;0&#8243; horizontal_offset_tablet=&#8220;0&#8243; z_index_tablet=&#8220;0&#8243; box_shadow_horizontal_tablet=&#8220;0px&#8220; box_shadow_vertical_tablet=&#8220;0px&#8220; box_shadow_blur_tablet=&#8220;40px&#8220; box_shadow_spread_tablet=&#8220;0px&#8220; global_colors_info=&#8220;{}&#8220;][\/et_pb_image][\/et_pb_column][\/et_pb_row][et_pb_row _builder_version=&#8220;4.16&#8243; background_size=&#8220;initial&#8220; background_position=&#8220;top_left&#8220; background_repeat=&#8220;repeat&#8220; global_colors_info=&#8220;{}&#8220;][et_pb_column type=&#8220;4_4&#8243; _builder_version=&#8220;4.16&#8243; custom_padding=&#8220;|||&#8220; global_colors_info=&#8220;{}&#8220; custom_padding__hover=&#8220;|||&#8220;][et_pb_text admin_label=&#8220;Text Ortssippenb\u00fccher und mehr&#8220; _builder_version=&#8220;4.22.1&#8243; vertical_offset_tablet=&#8220;0&#8243; horizontal_offset_tablet=&#8220;0&#8243; z_index_tablet=&#8220;0&#8243; text_text_shadow_horizontal_length_tablet=&#8220;0px&#8220; text_text_shadow_vertical_length_tablet=&#8220;0px&#8220; text_text_shadow_blur_strength_tablet=&#8220;1px&#8220; link_text_shadow_horizontal_length_tablet=&#8220;0px&#8220; link_text_shadow_vertical_length_tablet=&#8220;0px&#8220; link_text_shadow_blur_strength_tablet=&#8220;1px&#8220; ul_text_shadow_horizontal_length_tablet=&#8220;0px&#8220; ul_text_shadow_vertical_length_tablet=&#8220;0px&#8220; ul_text_shadow_blur_strength_tablet=&#8220;1px&#8220; ol_text_shadow_horizontal_length_tablet=&#8220;0px&#8220; ol_text_shadow_vertical_length_tablet=&#8220;0px&#8220; ol_text_shadow_blur_strength_tablet=&#8220;1px&#8220; quote_text_shadow_horizontal_length_tablet=&#8220;0px&#8220; quote_text_shadow_vertical_length_tablet=&#8220;0px&#8220; quote_text_shadow_blur_strength_tablet=&#8220;1px&#8220; header_text_shadow_horizontal_length_tablet=&#8220;0px&#8220; header_text_shadow_vertical_length_tablet=&#8220;0px&#8220; header_text_shadow_blur_strength_tablet=&#8220;1px&#8220; header_2_text_shadow_horizontal_length_tablet=&#8220;0px&#8220; header_2_text_shadow_vertical_length_tablet=&#8220;0px&#8220; header_2_text_shadow_blur_strength_tablet=&#8220;1px&#8220; header_3_text_shadow_horizontal_length_tablet=&#8220;0px&#8220; header_3_text_shadow_vertical_length_tablet=&#8220;0px&#8220; header_3_text_shadow_blur_strength_tablet=&#8220;1px&#8220; header_4_text_shadow_horizontal_length_tablet=&#8220;0px&#8220; header_4_text_shadow_vertical_length_tablet=&#8220;0px&#8220; header_4_text_shadow_blur_strength_tablet=&#8220;1px&#8220; header_5_text_shadow_horizontal_length_tablet=&#8220;0px&#8220; header_5_text_shadow_vertical_length_tablet=&#8220;0px&#8220; header_5_text_shadow_blur_strength_tablet=&#8220;1px&#8220; header_6_text_shadow_horizontal_length_tablet=&#8220;0px&#8220; header_6_text_shadow_vertical_length_tablet=&#8220;0px&#8220; header_6_text_shadow_blur_strength_tablet=&#8220;1px&#8220; box_shadow_horizontal_tablet=&#8220;0px&#8220; box_shadow_vertical_tablet=&#8220;0px&#8220; box_shadow_blur_tablet=&#8220;40px&#8220; box_shadow_spread_tablet=&#8220;0px&#8220; global_colors_info=&#8220;{}&#8220;]<\/p>\n<p>Ortssippenb\u00fccher und mehr<\/p>\n<p>[\/et_pb_text][et_pb_image src=&#8220;https:\/\/geschichtskreis-vellmar.de\/2023\/wp-content\/uploads\/2023\/08\/ortsippenbuecherundmehr_veroeffentlichungen.jpg&#8220; admin_label=&#8220;Bild Ortssippenb\u00fccher und mehr&#8220; _builder_version=&#8220;4.22.1&#8243; vertical_offset_tablet=&#8220;0&#8243; horizontal_offset_tablet=&#8220;0&#8243; z_index_tablet=&#8220;0&#8243; box_shadow_horizontal_tablet=&#8220;0px&#8220; box_shadow_vertical_tablet=&#8220;0px&#8220; box_shadow_blur_tablet=&#8220;40px&#8220; box_shadow_spread_tablet=&#8220;0px&#8220; global_colors_info=&#8220;{}&#8220;][\/et_pb_image][\/et_pb_column][\/et_pb_row][et_pb_row _builder_version=&#8220;4.16&#8243; background_size=&#8220;initial&#8220; background_position=&#8220;top_left&#8220; background_repeat=&#8220;repeat&#8220; global_colors_info=&#8220;{}&#8220;][et_pb_column type=&#8220;4_4&#8243; _builder_version=&#8220;4.16&#8243; custom_padding=&#8220;|||&#8220; global_colors_info=&#8220;{}&#8220; custom_padding__hover=&#8220;|||&#8220;][et_pb_text admin_label=&#8220;Text Kalender&#8220; _builder_version=&#8220;4.22.1&#8243; vertical_offset_tablet=&#8220;0&#8243; horizontal_offset_tablet=&#8220;0&#8243; z_index_tablet=&#8220;0&#8243; text_text_shadow_horizontal_length_tablet=&#8220;0px&#8220; text_text_shadow_vertical_length_tablet=&#8220;0px&#8220; text_text_shadow_blur_strength_tablet=&#8220;1px&#8220; link_text_shadow_horizontal_length_tablet=&#8220;0px&#8220; link_text_shadow_vertical_length_tablet=&#8220;0px&#8220; link_text_shadow_blur_strength_tablet=&#8220;1px&#8220; ul_text_shadow_horizontal_length_tablet=&#8220;0px&#8220; ul_text_shadow_vertical_length_tablet=&#8220;0px&#8220; ul_text_shadow_blur_strength_tablet=&#8220;1px&#8220; ol_text_shadow_horizontal_length_tablet=&#8220;0px&#8220; ol_text_shadow_vertical_length_tablet=&#8220;0px&#8220; ol_text_shadow_blur_strength_tablet=&#8220;1px&#8220; quote_text_shadow_horizontal_length_tablet=&#8220;0px&#8220; quote_text_shadow_vertical_length_tablet=&#8220;0px&#8220; quote_text_shadow_blur_strength_tablet=&#8220;1px&#8220; header_text_shadow_horizontal_length_tablet=&#8220;0px&#8220; header_text_shadow_vertical_length_tablet=&#8220;0px&#8220; header_text_shadow_blur_strength_tablet=&#8220;1px&#8220; header_2_text_shadow_horizontal_length_tablet=&#8220;0px&#8220; header_2_text_shadow_vertical_length_tablet=&#8220;0px&#8220; header_2_text_shadow_blur_strength_tablet=&#8220;1px&#8220; header_3_text_shadow_horizontal_length_tablet=&#8220;0px&#8220; header_3_text_shadow_vertical_length_tablet=&#8220;0px&#8220; header_3_text_shadow_blur_strength_tablet=&#8220;1px&#8220; header_4_text_shadow_horizontal_length_tablet=&#8220;0px&#8220; header_4_text_shadow_vertical_length_tablet=&#8220;0px&#8220; header_4_text_shadow_blur_strength_tablet=&#8220;1px&#8220; header_5_text_shadow_horizontal_length_tablet=&#8220;0px&#8220; header_5_text_shadow_vertical_length_tablet=&#8220;0px&#8220; header_5_text_shadow_blur_strength_tablet=&#8220;1px&#8220; header_6_text_shadow_horizontal_length_tablet=&#8220;0px&#8220; header_6_text_shadow_vertical_length_tablet=&#8220;0px&#8220; header_6_text_shadow_blur_strength_tablet=&#8220;1px&#8220; box_shadow_horizontal_tablet=&#8220;0px&#8220; box_shadow_vertical_tablet=&#8220;0px&#8220; box_shadow_blur_tablet=&#8220;40px&#8220; box_shadow_spread_tablet=&#8220;0px&#8220; global_colors_info=&#8220;{}&#8220;]<\/p>\n<p>Kalender<\/p>\n<p>[\/et_pb_text][et_pb_image src=&#8220;https:\/\/geschichtskreis-vellmar.de\/2023\/wp-content\/uploads\/2023\/08\/kalender_veroeffentlichungen.jpg&#8220; admin_label=&#8220;Bild Kalender&#8220; _builder_version=&#8220;4.22.1&#8243; vertical_offset_tablet=&#8220;0&#8243; horizontal_offset_tablet=&#8220;0&#8243; z_index_tablet=&#8220;0&#8243; box_shadow_horizontal_tablet=&#8220;0px&#8220; box_shadow_vertical_tablet=&#8220;0px&#8220; box_shadow_blur_tablet=&#8220;40px&#8220; box_shadow_spread_tablet=&#8220;0px&#8220; global_colors_info=&#8220;{}&#8220;][\/et_pb_image][\/et_pb_column][\/et_pb_row][\/et_pb_section]<\/p>\n","protected":false},"excerpt":{"rendered":"<p>Besichtigung Gedenkst\u00e4tte BreitenauBesuch der Gedenkst\u00e4tte Breitenau in Guxhagen Bei Sonnenschein sieht das ehemalige Kloster in Guxhagen doch recht freundlich aus. Aber wir wissen, dass das Grauen in seinen Mauern hauste. Nach Aufl\u00f6sung des Klosters 1527 kam ein preu\u00dfisches Arbeitshaus in die Anlage. In das Kirchenschiff wurden einige Zwischendecken f\u00fcr mehrere Schlafs\u00e4le eingebaut. Fenster wurden verkleinert [&hellip;]<\/p>\n","protected":false},"author":1,"featured_media":0,"parent":0,"menu_order":0,"comment_status":"closed","ping_status":"closed","template":"","meta":{"_et_pb_use_builder":"on","_et_pb_old_content":"","_et_gb_content_width":"","footnotes":""},"class_list":["post-468","page","type-page","status-publish","hentry"],"_links":{"self":[{"href":"https:\/\/geschichtskreis-vellmar.de\/2023\/wp-json\/wp\/v2\/pages\/468","targetHints":{"allow":["GET"]}}],"collection":[{"href":"https:\/\/geschichtskreis-vellmar.de\/2023\/wp-json\/wp\/v2\/pages"}],"about":[{"href":"https:\/\/geschichtskreis-vellmar.de\/2023\/wp-json\/wp\/v2\/types\/page"}],"author":[{"embeddable":true,"href":"https:\/\/geschichtskreis-vellmar.de\/2023\/wp-json\/wp\/v2\/users\/1"}],"replies":[{"embeddable":true,"href":"https:\/\/geschichtskreis-vellmar.de\/2023\/wp-json\/wp\/v2\/comments?post=468"}],"version-history":[{"count":0,"href":"https:\/\/geschichtskreis-vellmar.de\/2023\/wp-json\/wp\/v2\/pages\/468\/revisions"}],"wp:attachment":[{"href":"https:\/\/geschichtskreis-vellmar.de\/2023\/wp-json\/wp\/v2\/media?parent=468"}],"curies":[{"name":"wp","href":"https:\/\/api.w.org\/{rel}","templated":true}]}}